{"id":45,"date":"2021-01-08T15:27:44","date_gmt":"2021-01-08T15:27:44","guid":{"rendered":"https:\/\/onnellisuusinstituutti.fi\/?page_id=45"},"modified":"2022-08-24T16:02:15","modified_gmt":"2022-08-24T16:02:15","slug":"ota-yhteytta","status":"publish","type":"page","link":"https:\/\/onnellisuusinstituutti.fi\/?page_id=45","title":{"rendered":"OSALLISTU"},"content":{"rendered":"\n<p class=\"has-text-align-left\"><strong>Osallistu onnellisuustalkoisiin<\/strong>! <\/p>\n\n\n\n<p class=\"has-text-align-left\">Hyvinvoiva yhteiskunta syntyy hyvinvoivista yksil\u00f6ist\u00e4, perheist\u00e4, yhteis\u00f6ist\u00e4 ja organisaatioista. <strong>Yksil\u00f6llinen hyvinvointi<\/strong> on perusta yhteiskunnalliselle menestymiselle, kilpailu- ja innovaatiokyvylle. Hyvinvointi luodaan yhdess\u00e4, jokainen voi omalta osaltaan olla mukana luomassa valoisaa tulevaisuutta. <\/p>\n\n\n\n<p class=\"has-text-align-left\"><strong>Osallistu vuoden 2022 tutkimukseen<\/strong> vastaamalla kysymykseen <a href=\"https:\/\/docs.google.com\/forms\/d\/e\/1FAIpQLSfXWjfRdBs2K5dslOR1wGZat5pDTsLHlemEm9GS-0XFzYDA3g\/viewform\">Mik\u00e4 tekee sinut onnelliseksi<\/a>? Voit my\u00f6s ilmoittautua onnellisuustalkoisiin kertomalla meille, kuinka haluaisit olla mukana rakentamassa suomalaista onnellisuutta. Etsimme jatkuvasti vapaaehtoisia, joita kiinnostaa onnellisuus ja onnellisuuden lis\u00e4\u00e4minen arjessa.<\/p>\n\n\n\n<p id=\"x_gmail-docs-internal-guid-e00c3ff2-7fff-28bc-30dd-f965a681e4ad\">Jos olet <strong>onnellisuustutkija <\/strong>kuulisimme sinusta mielell\u00e4mme lis\u00e4\u00e4! Onnellisuustutkimus on edelleen hajallaan eri yliopistoissa ja haluaisimme koota onnellisuudesta kiinnostuneet yhteen, yhteisiin projekteihin.<\/p>\n\n\n\n<p><strong>L\u00e4hde mukaan syksyn THP-kohortteihin! <\/strong>Onnellisuus on opittavissa ja uudelleenopittavissa oleva taito jota kannattaa harjoitella. <\/p>\n\n\n\n<div style=\"height:32px\" aria-hidden=\"true\" class=\"wp-block-spacer desktop-only\"><\/div>\n\n\n\n<div class=\"wp-block-columns alignwide has-2-columns is-layout-flex wp-container-core-columns-is-layout-28f84493 wp-block-columns-is-layout-flex\">\n<div class=\"wp-block-column is-layout-flow wp-block-column-is-layout-flow\">\n<h2 class=\"has-text-align-left wp-block-heading\" id=\"yhteystiedot\">Yhteystiedot<\/h2>\n\n\n\n<div class=\"wp-block-jetpack-contact-info\">\n<div class=\"wp-block-jetpack-address\"><div class=\"jetpack-address__address jetpack-address__address1\">Onnellisuustutkimusinstituutti<\/div><div class=\"jetpack-address__address jetpack-address__address2\">Finnish Happiness Research Institute <\/div><\/div>\n\n\n\n<p>S\u00e4hk\u00f6postimme ovat muotoa:<\/p>\n\n\n\n<p>etunimi.sukunimi(at)onnellisuustutkimusinstituutti.fi<\/p>\n\n\n\n<p>Neuvonantajamme tavoitat parhaiten heid\u00e4n omien kanaviensa kautta!<\/p>\n<\/div>\n\n\n\n<ul class=\"wp-block-social-links is-layout-flex wp-block-social-links-is-layout-flex\"><li class=\"wp-social-link wp-social-link-linkedin  wp-block-social-link\"><a href=\"https:\/\/www.linkedin.com\/company\/onnellisuustutkimusinstituutti-finnish-happiness-research-association\" class=\"wp-block-social-link-anchor\"><svg width=\"24\" height=\"24\" viewBox=\"0 0 24 24\" version=\"1.1\" xmlns=\"http:\/\/www.w3.org\/2000\/svg\" aria-hidden=\"true\" focusable=\"false\"><path d=\"M19.7,3H4.3C3.582,3,3,3.582,3,4.3v15.4C3,20.418,3.582,21,4.3,21h15.4c0.718,0,1.3-0.582,1.3-1.3V4.3 C21,3.582,20.418,3,19.7,3z M8.339,18.338H5.667v-8.59h2.672V18.338z M7.004,8.574c-0.857,0-1.549-0.694-1.549-1.548 c0-0.855,0.691-1.548,1.549-1.548c0.854,0,1.547,0.694,1.547,1.548C8.551,7.881,7.858,8.574,7.004,8.574z M18.339,18.338h-2.669 v-4.177c0-0.996-0.017-2.278-1.387-2.278c-1.389,0-1.601,1.086-1.601,2.206v4.249h-2.667v-8.59h2.559v1.174h0.037 c0.356-0.675,1.227-1.387,2.526-1.387c2.703,0,3.203,1.779,3.203,4.092V18.338z\"><\/path><\/svg><span class=\"wp-block-social-link-label screen-reader-text\">LinkedIn<\/span><\/a><\/li>\n\n\n\n<li class=\"wp-social-link wp-social-link-instagram  wp-block-social-link\"><a href=\"https:\/\/www.instagram.com\/onnellisuustutkimusinstituutti\/\" class=\"wp-block-social-link-anchor\"><svg width=\"24\" height=\"24\" viewBox=\"0 0 24 24\" version=\"1.1\" xmlns=\"http:\/\/www.w3.org\/2000\/svg\" aria-hidden=\"true\" focusable=\"false\"><path d=\"M12,4.622c2.403,0,2.688,0.009,3.637,0.052c0.877,0.04,1.354,0.187,1.671,0.31c0.42,0.163,0.72,0.358,1.035,0.673 c0.315,0.315,0.51,0.615,0.673,1.035c0.123,0.317,0.27,0.794,0.31,1.671c0.043,0.949,0.052,1.234,0.052,3.637 s-0.009,2.688-0.052,3.637c-0.04,0.877-0.187,1.354-0.31,1.671c-0.163,0.42-0.358,0.72-0.673,1.035 c-0.315,0.315-0.615,0.51-1.035,0.673c-0.317,0.123-0.794,0.27-1.671,0.31c-0.949,0.043-1.233,0.052-3.637,0.052 s-2.688-0.009-3.637-0.052c-0.877-0.04-1.354-0.187-1.671-0.31c-0.42-0.163-0.72-0.358-1.035-0.673 c-0.315-0.315-0.51-0.615-0.673-1.035c-0.123-0.317-0.27-0.794-0.31-1.671C4.631,14.688,4.622,14.403,4.622,12 s0.009-2.688,0.052-3.637c0.04-0.877,0.187-1.354,0.31-1.671c0.163-0.42,0.358-0.72,0.673-1.035 c0.315-0.315,0.615-0.51,1.035-0.673c0.317-0.123,0.794-0.27,1.671-0.31C9.312,4.631,9.597,4.622,12,4.622 M12,3 C9.556,3,9.249,3.01,8.289,3.054C7.331,3.098,6.677,3.25,6.105,3.472C5.513,3.702,5.011,4.01,4.511,4.511 c-0.5,0.5-0.808,1.002-1.038,1.594C3.25,6.677,3.098,7.331,3.054,8.289C3.01,9.249,3,9.556,3,12c0,2.444,0.01,2.751,0.054,3.711 c0.044,0.958,0.196,1.612,0.418,2.185c0.23,0.592,0.538,1.094,1.038,1.594c0.5,0.5,1.002,0.808,1.594,1.038 c0.572,0.222,1.227,0.375,2.185,0.418C9.249,20.99,9.556,21,12,21s2.751-0.01,3.711-0.054c0.958-0.044,1.612-0.196,2.185-0.418 c0.592-0.23,1.094-0.538,1.594-1.038c0.5-0.5,0.808-1.002,1.038-1.594c0.222-0.572,0.375-1.227,0.418-2.185 C20.99,14.751,21,14.444,21,12s-0.01-2.751-0.054-3.711c-0.044-0.958-0.196-1.612-0.418-2.185c-0.23-0.592-0.538-1.094-1.038-1.594 c-0.5-0.5-1.002-0.808-1.594-1.038c-0.572-0.222-1.227-0.375-2.185-0.418C14.751,3.01,14.444,3,12,3L12,3z M12,7.378 c-2.552,0-4.622,2.069-4.622,4.622S9.448,16.622,12,16.622s4.622-2.069,4.622-4.622S14.552,7.378,12,7.378z M12,15 c-1.657,0-3-1.343-3-3s1.343-3,3-3s3,1.343,3,3S13.657,15,12,15z M16.804,6.116c-0.596,0-1.08,0.484-1.08,1.08 s0.484,1.08,1.08,1.08c0.596,0,1.08-0.484,1.08-1.08S17.401,6.116,16.804,6.116z\"><\/path><\/svg><span class=\"wp-block-social-link-label screen-reader-text\">Instagram<\/span><\/a><\/li><\/ul>\n<\/div>\n\n\n\n<div class=\"wp-block-column is-layout-flow wp-block-column-is-layout-flow\">\n<h2 class=\"has-text-align-left wp-block-heading\" id=\"laheta-viesti\">L\u00e4het\u00e4 viesti<\/h2>\n\n\n\n<div class=\"wp-block-jetpack-contact-form\">\n\n\n\n\n\n<\/div>\n<\/div>\n<\/div>\n","protected":false},"excerpt":{"rendered":"<p>Osallistu onnellisuustalkoisiin! Hyvinvoiva yhteiskunta syntyy hyvinvoivista yksil\u00f6ist\u00e4, perheist\u00e4, yhteis\u00f6ist\u00e4 ja organisaatioista. Yksil\u00f6llinen hyvinvointi on perusta yhteiskunnalliselle menestymiselle, kilpailu- ja innovaatiokyvylle. Hyvinvointi luodaan yhdess\u00e4, jokainen voi omalta osaltaan olla mukana luomassa valoisaa tulevaisuutta. Osallistu vuoden 2022 tutkimukseen vastaamalla kysymykseen Mik\u00e4 tekee sinut onnelliseksi? Voit my\u00f6s ilmoittautua onnellisuustalkoisiin kertomalla meille, kuinka haluaisit olla mukana rakentamassa suomalaista onnellisuutta.<a class=\"more-link\" href=\"https:\/\/onnellisuusinstituutti.fi\/?page_id=45\">Jatka lukemista <span class=\"screen-reader-text\">&#8221;OSALLISTU&#8221;<\/span><\/a><\/p>\n","protected":false},"author":1,"featured_media":0,"parent":0,"menu_order":0,"comment_status":"closed","ping_status":"closed","template":"","meta":{"footnotes":""},"class_list":["post-45","page","type-page","status-publish","hentry","entry"],"yoast_head":"<!-- This site is optimized with the Yoast SEO plugin v27.3 - https:\/\/yoast.com\/product\/yoast-seo-wordpress\/ -->\n<title>OSALLISTU -<\/title>\n<meta name=\"robots\" content=\"index, follow, max-snippet:-1, max-image-preview:large, max-video-preview:-1\" \/>\n<link rel=\"canonical\" href=\"https:\/\/onnellisuusinstituutti.fi\/?page_id=45\" \/>\n<meta property=\"og:locale\" content=\"fi_FI\" \/>\n<meta property=\"og:type\" content=\"article\" \/>\n<meta property=\"og:title\" content=\"OSALLISTU -\" \/>\n<meta property=\"og:description\" content=\"Osallistu onnellisuustalkoisiin! Hyvinvoiva yhteiskunta syntyy hyvinvoivista yksil\u00f6ist\u00e4, perheist\u00e4, yhteis\u00f6ist\u00e4 ja organisaatioista. Yksil\u00f6llinen hyvinvointi on perusta yhteiskunnalliselle menestymiselle, kilpailu- ja innovaatiokyvylle. Hyvinvointi luodaan yhdess\u00e4, jokainen voi omalta osaltaan olla mukana luomassa valoisaa tulevaisuutta. Osallistu vuoden 2022 tutkimukseen vastaamalla kysymykseen Mik\u00e4 tekee sinut onnelliseksi? Voit my\u00f6s ilmoittautua onnellisuustalkoisiin kertomalla meille, kuinka haluaisit olla mukana rakentamassa suomalaista onnellisuutta.Jatka lukemista &quot;OSALLISTU&quot;\" \/>\n<meta property=\"og:url\" content=\"https:\/\/onnellisuusinstituutti.fi\/?page_id=45\" \/>\n<meta property=\"article:modified_time\" content=\"2022-08-24T16:02:15+00:00\" \/>\n<meta name=\"twitter:card\" content=\"summary_large_image\" \/>\n<meta name=\"twitter:label1\" content=\"Arvioitu lukuaika\" \/>\n\t<meta name=\"twitter:data1\" content=\"1 minuutti\" \/>\n<script type=\"application\/ld+json\" class=\"yoast-schema-graph\">{\"@context\":\"https:\\\/\\\/schema.org\",\"@graph\":[{\"@type\":\"WebPage\",\"@id\":\"https:\\\/\\\/onnellisuusinstituutti.fi\\\/?page_id=45\",\"url\":\"https:\\\/\\\/onnellisuusinstituutti.fi\\\/?page_id=45\",\"name\":\"OSALLISTU -\",\"isPartOf\":{\"@id\":\"https:\\\/\\\/onnellisuusinstituutti.fi\\\/#website\"},\"datePublished\":\"2021-01-08T15:27:44+00:00\",\"dateModified\":\"2022-08-24T16:02:15+00:00\",\"breadcrumb\":{\"@id\":\"https:\\\/\\\/onnellisuusinstituutti.fi\\\/?page_id=45#breadcrumb\"},\"inLanguage\":\"fi\",\"potentialAction\":[{\"@type\":\"ReadAction\",\"target\":[\"https:\\\/\\\/onnellisuusinstituutti.fi\\\/?page_id=45\"]}]},{\"@type\":\"BreadcrumbList\",\"@id\":\"https:\\\/\\\/onnellisuusinstituutti.fi\\\/?page_id=45#breadcrumb\",\"itemListElement\":[{\"@type\":\"ListItem\",\"position\":1,\"name\":\"Etusivu\",\"item\":\"https:\\\/\\\/onnellisuusinstituutti.fi\\\/\"},{\"@type\":\"ListItem\",\"position\":2,\"name\":\"OSALLISTU\"}]},{\"@type\":\"WebSite\",\"@id\":\"https:\\\/\\\/onnellisuusinstituutti.fi\\\/#website\",\"url\":\"https:\\\/\\\/onnellisuusinstituutti.fi\\\/\",\"name\":\"\",\"description\":\"Onnellisuutta, elinvoimaa ja kilpailukyky&auml;\",\"potentialAction\":[{\"@type\":\"SearchAction\",\"target\":{\"@type\":\"EntryPoint\",\"urlTemplate\":\"https:\\\/\\\/onnellisuusinstituutti.fi\\\/?s={search_term_string}\"},\"query-input\":{\"@type\":\"PropertyValueSpecification\",\"valueRequired\":true,\"valueName\":\"search_term_string\"}}],\"inLanguage\":\"fi\"}]}<\/script>\n<!-- \/ Yoast SEO plugin. -->","yoast_head_json":{"title":"OSALLISTU -","robots":{"index":"index","follow":"follow","max-snippet":"max-snippet:-1","max-image-preview":"max-image-preview:large","max-video-preview":"max-video-preview:-1"},"canonical":"https:\/\/onnellisuusinstituutti.fi\/?page_id=45","og_locale":"fi_FI","og_type":"article","og_title":"OSALLISTU -","og_description":"Osallistu onnellisuustalkoisiin! Hyvinvoiva yhteiskunta syntyy hyvinvoivista yksil\u00f6ist\u00e4, perheist\u00e4, yhteis\u00f6ist\u00e4 ja organisaatioista. Yksil\u00f6llinen hyvinvointi on perusta yhteiskunnalliselle menestymiselle, kilpailu- ja innovaatiokyvylle. Hyvinvointi luodaan yhdess\u00e4, jokainen voi omalta osaltaan olla mukana luomassa valoisaa tulevaisuutta. Osallistu vuoden 2022 tutkimukseen vastaamalla kysymykseen Mik\u00e4 tekee sinut onnelliseksi? Voit my\u00f6s ilmoittautua onnellisuustalkoisiin kertomalla meille, kuinka haluaisit olla mukana rakentamassa suomalaista onnellisuutta.Jatka lukemista \"OSALLISTU\"","og_url":"https:\/\/onnellisuusinstituutti.fi\/?page_id=45","article_modified_time":"2022-08-24T16:02:15+00:00","twitter_card":"summary_large_image","twitter_misc":{"Arvioitu lukuaika":"1 minuutti"},"schema":{"@context":"https:\/\/schema.org","@graph":[{"@type":"WebPage","@id":"https:\/\/onnellisuusinstituutti.fi\/?page_id=45","url":"https:\/\/onnellisuusinstituutti.fi\/?page_id=45","name":"OSALLISTU -","isPartOf":{"@id":"https:\/\/onnellisuusinstituutti.fi\/#website"},"datePublished":"2021-01-08T15:27:44+00:00","dateModified":"2022-08-24T16:02:15+00:00","breadcrumb":{"@id":"https:\/\/onnellisuusinstituutti.fi\/?page_id=45#breadcrumb"},"inLanguage":"fi","potentialAction":[{"@type":"ReadAction","target":["https:\/\/onnellisuusinstituutti.fi\/?page_id=45"]}]},{"@type":"BreadcrumbList","@id":"https:\/\/onnellisuusinstituutti.fi\/?page_id=45#breadcrumb","itemListElement":[{"@type":"ListItem","position":1,"name":"Etusivu","item":"https:\/\/onnellisuusinstituutti.fi\/"},{"@type":"ListItem","position":2,"name":"OSALLISTU"}]},{"@type":"WebSite","@id":"https:\/\/onnellisuusinstituutti.fi\/#website","url":"https:\/\/onnellisuusinstituutti.fi\/","name":"","description":"Onnellisuutta, elinvoimaa ja kilpailukyky&auml;","potentialAction":[{"@type":"SearchAction","target":{"@type":"EntryPoint","urlTemplate":"https:\/\/onnellisuusinstituutti.fi\/?s={search_term_string}"},"query-input":{"@type":"PropertyValueSpecification","valueRequired":true,"valueName":"search_term_string"}}],"inLanguage":"fi"}]}},"_links":{"self":[{"href":"https:\/\/onnellisuusinstituutti.fi\/index.php?rest_route=\/wp\/v2\/pages\/45","targetHints":{"allow":["GET"]}}],"collection":[{"href":"https:\/\/onnellisuusinstituutti.fi\/index.php?rest_route=\/wp\/v2\/pages"}],"about":[{"href":"https:\/\/onnellisuusinstituutti.fi\/index.php?rest_route=\/wp\/v2\/types\/page"}],"author":[{"embeddable":true,"href":"https:\/\/onnellisuusinstituutti.fi\/index.php?rest_route=\/wp\/v2\/users\/1"}],"replies":[{"embeddable":true,"href":"https:\/\/onnellisuusinstituutti.fi\/index.php?rest_route=%2Fwp%2Fv2%2Fcomments&post=45"}],"version-history":[{"count":17,"href":"https:\/\/onnellisuusinstituutti.fi\/index.php?rest_route=\/wp\/v2\/pages\/45\/revisions"}],"predecessor-version":[{"id":451,"href":"https:\/\/onnellisuusinstituutti.fi\/index.php?rest_route=\/wp\/v2\/pages\/45\/revisions\/451"}],"wp:attachment":[{"href":"https:\/\/onnellisuusinstituutti.fi\/index.php?rest_route=%2Fwp%2Fv2%2Fmedia&parent=45"}],"curies":[{"name":"wp","href":"https:\/\/api.w.org\/{rel}","templated":true}]}}