{"id":43,"date":"2021-01-08T15:27:17","date_gmt":"2021-01-08T15:27:17","guid":{"rendered":"https:\/\/onnellisuusinstituutti.fi\/?page_id=43"},"modified":"2022-08-24T17:07:18","modified_gmt":"2022-08-24T17:07:18","slug":"blogi","status":"publish","type":"page","link":"https:\/\/onnellisuusinstituutti.fi\/?page_id=43","title":{"rendered":"BLOGI"},"content":{"rendered":"\n<div class=\"wp-block-cover alignfull is-light is-layout-flow wp-block-cover-is-layout-flow\"><span aria-hidden=\"true\" class=\"wp-block-cover__background has-background-dim-10 has-background-dim\"><\/span><img loading=\"lazy\" decoding=\"async\" width=\"2158\" height=\"2560\" class=\"wp-block-cover__image-background wp-image-455\" alt=\"\" src=\"https:\/\/onnellisuustutkimusinstituutti.fi\/wp-content\/uploads\/2022\/08\/jurica-koletic-RcVzx4burTY-unsplash-scaled.jpg\" data-object-fit=\"cover\" srcset=\"https:\/\/onnellisuusinstituutti.fi\/wp-content\/uploads\/2022\/08\/jurica-koletic-RcVzx4burTY-unsplash-scaled.jpg 2158w, https:\/\/onnellisuusinstituutti.fi\/wp-content\/uploads\/2022\/08\/jurica-koletic-RcVzx4burTY-unsplash-253x300.jpg 253w, https:\/\/onnellisuusinstituutti.fi\/wp-content\/uploads\/2022\/08\/jurica-koletic-RcVzx4burTY-unsplash-863x1024.jpg 863w, https:\/\/onnellisuusinstituutti.fi\/wp-content\/uploads\/2022\/08\/jurica-koletic-RcVzx4burTY-unsplash-768x911.jpg 768w, https:\/\/onnellisuusinstituutti.fi\/wp-content\/uploads\/2022\/08\/jurica-koletic-RcVzx4burTY-unsplash-1295x1536.jpg 1295w, https:\/\/onnellisuusinstituutti.fi\/wp-content\/uploads\/2022\/08\/jurica-koletic-RcVzx4burTY-unsplash-1727x2048.jpg 1727w, https:\/\/onnellisuusinstituutti.fi\/wp-content\/uploads\/2022\/08\/jurica-koletic-RcVzx4burTY-unsplash-1568x1860.jpg 1568w\" sizes=\"auto, (max-width: 2158px) 100vw, 2158px\" \/><div class=\"wp-block-cover__inner-container\"><\/div><\/div>\n\n\n\n<h3 class=\"has-text-align-left wp-block-heading\">Blogi onnellisuudesta<\/h3>\n\n\n\n<p class=\"has-text-align-left\">T\u00e4st\u00e4 blogista l\u00f6yd\u00e4t ajankohtaisia pohdintoja onnellisuudesta. Suomalaisten onnellisuuden parempi ymm\u00e4rt\u00e4minen on meist\u00e4 t\u00e4rke\u00e4\u00e4 ja haluamme, ett\u00e4 kaikki halukkaat saavat vinkkej\u00e4 oman onnellisuutensa rakentamiseksi. Onnellisuuteen on monenlaisia tutkimuksellisia tulokulmia ja avaamme niit\u00e4 t\u00e4m\u00e4n blogin puitteissa. Suomalainen ty\u00f6el\u00e4m\u00e4 on murroksessa ja haluamme tuoda oman kortemme kekoon onnellisemman ty\u00f6el\u00e4m\u00e4n puolesta. Annamme blogissa puheenvuoron my\u00f6s <a href=\"https:\/\/onnellisuustutkimusinstituutti.fi\/neuvonantajat\/\">neuvontantajillemme<\/a>, eli odotettavissa on monipuolista ja mielenkiintoista sis\u00e4lt\u00f6\u00e4 onnellisuuteen ja hyvinvointiin liittyen. Pysyh\u00e4n kuulolla! <\/p>\n","protected":false},"excerpt":{"rendered":"<p>Blogi onnellisuudesta T\u00e4st\u00e4 blogista l\u00f6yd\u00e4t ajankohtaisia pohdintoja onnellisuudesta. Suomalaisten onnellisuuden parempi ymm\u00e4rt\u00e4minen on meist\u00e4 t\u00e4rke\u00e4\u00e4 ja haluamme, ett\u00e4 kaikki halukkaat saavat vinkkej\u00e4 oman onnellisuutensa rakentamiseksi. Onnellisuuteen on monenlaisia tutkimuksellisia tulokulmia ja avaamme niit\u00e4 t\u00e4m\u00e4n blogin puitteissa. Suomalainen ty\u00f6el\u00e4m\u00e4 on murroksessa ja haluamme tuoda oman kortemme kekoon onnellisemman ty\u00f6el\u00e4m\u00e4n puolesta. Annamme blogissa puheenvuoron my\u00f6s neuvontantajillemme, eli<a class=\"more-link\" href=\"https:\/\/onnellisuusinstituutti.fi\/?page_id=43\">Jatka lukemista <span class=\"screen-reader-text\">&#8221;BLOGI&#8221;<\/span><\/a><\/p>\n","protected":false},"author":1,"featured_media":0,"parent":0,"menu_order":0,"comment_status":"closed","ping_status":"closed","template":"","meta":{"footnotes":""},"class_list":["post-43","page","type-page","status-publish","hentry","entry"],"yoast_head":"<!-- This site is optimized with the Yoast SEO plugin v27.3 - https:\/\/yoast.com\/product\/yoast-seo-wordpress\/ -->\n<title>BLOGI -<\/title>\n<meta name=\"robots\" content=\"index, follow, max-snippet:-1, max-image-preview:large, max-video-preview:-1\" \/>\n<link rel=\"canonical\" href=\"https:\/\/onnellisuusinstituutti.fi\/?page_id=43\" \/>\n<meta property=\"og:locale\" content=\"fi_FI\" \/>\n<meta property=\"og:type\" content=\"article\" \/>\n<meta property=\"og:title\" content=\"BLOGI -\" \/>\n<meta property=\"og:description\" content=\"Blogi onnellisuudesta T\u00e4st\u00e4 blogista l\u00f6yd\u00e4t ajankohtaisia pohdintoja onnellisuudesta. Suomalaisten onnellisuuden parempi ymm\u00e4rt\u00e4minen on meist\u00e4 t\u00e4rke\u00e4\u00e4 ja haluamme, ett\u00e4 kaikki halukkaat saavat vinkkej\u00e4 oman onnellisuutensa rakentamiseksi. Onnellisuuteen on monenlaisia tutkimuksellisia tulokulmia ja avaamme niit\u00e4 t\u00e4m\u00e4n blogin puitteissa. Suomalainen ty\u00f6el\u00e4m\u00e4 on murroksessa ja haluamme tuoda oman kortemme kekoon onnellisemman ty\u00f6el\u00e4m\u00e4n puolesta. Annamme blogissa puheenvuoron my\u00f6s neuvontantajillemme, eliJatka lukemista &quot;BLOGI&quot;\" \/>\n<meta property=\"og:url\" content=\"https:\/\/onnellisuusinstituutti.fi\/?page_id=43\" \/>\n<meta property=\"article:modified_time\" content=\"2022-08-24T17:07:18+00:00\" \/>\n<meta property=\"og:image\" content=\"https:\/\/onnellisuustutkimusinstituutti.fi\/wp-content\/uploads\/2022\/08\/jurica-koletic-RcVzx4burTY-unsplash-scaled.jpg\" \/>\n<meta name=\"twitter:card\" content=\"summary_large_image\" \/>\n<meta name=\"twitter:label1\" content=\"Arvioitu lukuaika\" \/>\n\t<meta name=\"twitter:data1\" content=\"1 minuutti\" \/>\n<script type=\"application\/ld+json\" class=\"yoast-schema-graph\">{\"@context\":\"https:\\\/\\\/schema.org\",\"@graph\":[{\"@type\":\"WebPage\",\"@id\":\"https:\\\/\\\/onnellisuusinstituutti.fi\\\/?page_id=43\",\"url\":\"https:\\\/\\\/onnellisuusinstituutti.fi\\\/?page_id=43\",\"name\":\"BLOGI -\",\"isPartOf\":{\"@id\":\"https:\\\/\\\/onnellisuusinstituutti.fi\\\/#website\"},\"primaryImageOfPage\":{\"@id\":\"https:\\\/\\\/onnellisuusinstituutti.fi\\\/?page_id=43#primaryimage\"},\"image\":{\"@id\":\"https:\\\/\\\/onnellisuusinstituutti.fi\\\/?page_id=43#primaryimage\"},\"thumbnailUrl\":\"https:\\\/\\\/onnellisuustutkimusinstituutti.fi\\\/wp-content\\\/uploads\\\/2022\\\/08\\\/jurica-koletic-RcVzx4burTY-unsplash-scaled.jpg\",\"datePublished\":\"2021-01-08T15:27:17+00:00\",\"dateModified\":\"2022-08-24T17:07:18+00:00\",\"breadcrumb\":{\"@id\":\"https:\\\/\\\/onnellisuusinstituutti.fi\\\/?page_id=43#breadcrumb\"},\"inLanguage\":\"fi\",\"potentialAction\":[{\"@type\":\"ReadAction\",\"target\":[\"https:\\\/\\\/onnellisuusinstituutti.fi\\\/?page_id=43\"]}]},{\"@type\":\"ImageObject\",\"inLanguage\":\"fi\",\"@id\":\"https:\\\/\\\/onnellisuusinstituutti.fi\\\/?page_id=43#primaryimage\",\"url\":\"https:\\\/\\\/onnellisuustutkimusinstituutti.fi\\\/wp-content\\\/uploads\\\/2022\\\/08\\\/jurica-koletic-RcVzx4burTY-unsplash-scaled.jpg\",\"contentUrl\":\"https:\\\/\\\/onnellisuustutkimusinstituutti.fi\\\/wp-content\\\/uploads\\\/2022\\\/08\\\/jurica-koletic-RcVzx4burTY-unsplash-scaled.jpg\"},{\"@type\":\"BreadcrumbList\",\"@id\":\"https:\\\/\\\/onnellisuusinstituutti.fi\\\/?page_id=43#breadcrumb\",\"itemListElement\":[{\"@type\":\"ListItem\",\"position\":1,\"name\":\"Etusivu\",\"item\":\"https:\\\/\\\/onnellisuusinstituutti.fi\\\/\"},{\"@type\":\"ListItem\",\"position\":2,\"name\":\"BLOGI\"}]},{\"@type\":\"WebSite\",\"@id\":\"https:\\\/\\\/onnellisuusinstituutti.fi\\\/#website\",\"url\":\"https:\\\/\\\/onnellisuusinstituutti.fi\\\/\",\"name\":\"\",\"description\":\"Onnellisuutta, elinvoimaa ja kilpailukyky&auml;\",\"potentialAction\":[{\"@type\":\"SearchAction\",\"target\":{\"@type\":\"EntryPoint\",\"urlTemplate\":\"https:\\\/\\\/onnellisuusinstituutti.fi\\\/?s={search_term_string}\"},\"query-input\":{\"@type\":\"PropertyValueSpecification\",\"valueRequired\":true,\"valueName\":\"search_term_string\"}}],\"inLanguage\":\"fi\"}]}<\/script>\n<!-- \/ Yoast SEO plugin. -->","yoast_head_json":{"title":"BLOGI -","robots":{"index":"index","follow":"follow","max-snippet":"max-snippet:-1","max-image-preview":"max-image-preview:large","max-video-preview":"max-video-preview:-1"},"canonical":"https:\/\/onnellisuusinstituutti.fi\/?page_id=43","og_locale":"fi_FI","og_type":"article","og_title":"BLOGI -","og_description":"Blogi onnellisuudesta T\u00e4st\u00e4 blogista l\u00f6yd\u00e4t ajankohtaisia pohdintoja onnellisuudesta. Suomalaisten onnellisuuden parempi ymm\u00e4rt\u00e4minen on meist\u00e4 t\u00e4rke\u00e4\u00e4 ja haluamme, ett\u00e4 kaikki halukkaat saavat vinkkej\u00e4 oman onnellisuutensa rakentamiseksi. Onnellisuuteen on monenlaisia tutkimuksellisia tulokulmia ja avaamme niit\u00e4 t\u00e4m\u00e4n blogin puitteissa. Suomalainen ty\u00f6el\u00e4m\u00e4 on murroksessa ja haluamme tuoda oman kortemme kekoon onnellisemman ty\u00f6el\u00e4m\u00e4n puolesta. Annamme blogissa puheenvuoron my\u00f6s neuvontantajillemme, eliJatka lukemista \"BLOGI\"","og_url":"https:\/\/onnellisuusinstituutti.fi\/?page_id=43","article_modified_time":"2022-08-24T17:07:18+00:00","og_image":[{"url":"https:\/\/onnellisuustutkimusinstituutti.fi\/wp-content\/uploads\/2022\/08\/jurica-koletic-RcVzx4burTY-unsplash-scaled.jpg","type":"","width":"","height":""}],"twitter_card":"summary_large_image","twitter_misc":{"Arvioitu lukuaika":"1 minuutti"},"schema":{"@context":"https:\/\/schema.org","@graph":[{"@type":"WebPage","@id":"https:\/\/onnellisuusinstituutti.fi\/?page_id=43","url":"https:\/\/onnellisuusinstituutti.fi\/?page_id=43","name":"BLOGI -","isPartOf":{"@id":"https:\/\/onnellisuusinstituutti.fi\/#website"},"primaryImageOfPage":{"@id":"https:\/\/onnellisuusinstituutti.fi\/?page_id=43#primaryimage"},"image":{"@id":"https:\/\/onnellisuusinstituutti.fi\/?page_id=43#primaryimage"},"thumbnailUrl":"https:\/\/onnellisuustutkimusinstituutti.fi\/wp-content\/uploads\/2022\/08\/jurica-koletic-RcVzx4burTY-unsplash-scaled.jpg","datePublished":"2021-01-08T15:27:17+00:00","dateModified":"2022-08-24T17:07:18+00:00","breadcrumb":{"@id":"https:\/\/onnellisuusinstituutti.fi\/?page_id=43#breadcrumb"},"inLanguage":"fi","potentialAction":[{"@type":"ReadAction","target":["https:\/\/onnellisuusinstituutti.fi\/?page_id=43"]}]},{"@type":"ImageObject","inLanguage":"fi","@id":"https:\/\/onnellisuusinstituutti.fi\/?page_id=43#primaryimage","url":"https:\/\/onnellisuustutkimusinstituutti.fi\/wp-content\/uploads\/2022\/08\/jurica-koletic-RcVzx4burTY-unsplash-scaled.jpg","contentUrl":"https:\/\/onnellisuustutkimusinstituutti.fi\/wp-content\/uploads\/2022\/08\/jurica-koletic-RcVzx4burTY-unsplash-scaled.jpg"},{"@type":"BreadcrumbList","@id":"https:\/\/onnellisuusinstituutti.fi\/?page_id=43#breadcrumb","itemListElement":[{"@type":"ListItem","position":1,"name":"Etusivu","item":"https:\/\/onnellisuusinstituutti.fi\/"},{"@type":"ListItem","position":2,"name":"BLOGI"}]},{"@type":"WebSite","@id":"https:\/\/onnellisuusinstituutti.fi\/#website","url":"https:\/\/onnellisuusinstituutti.fi\/","name":"","description":"Onnellisuutta, elinvoimaa ja kilpailukyky&auml;","potentialAction":[{"@type":"SearchAction","target":{"@type":"EntryPoint","urlTemplate":"https:\/\/onnellisuusinstituutti.fi\/?s={search_term_string}"},"query-input":{"@type":"PropertyValueSpecification","valueRequired":true,"valueName":"search_term_string"}}],"inLanguage":"fi"}]}},"_links":{"self":[{"href":"https:\/\/onnellisuusinstituutti.fi\/index.php?rest_route=\/wp\/v2\/pages\/43","targetHints":{"allow":["GET"]}}],"collection":[{"href":"https:\/\/onnellisuusinstituutti.fi\/index.php?rest_route=\/wp\/v2\/pages"}],"about":[{"href":"https:\/\/onnellisuusinstituutti.fi\/index.php?rest_route=\/wp\/v2\/types\/page"}],"author":[{"embeddable":true,"href":"https:\/\/onnellisuusinstituutti.fi\/index.php?rest_route=\/wp\/v2\/users\/1"}],"replies":[{"embeddable":true,"href":"https:\/\/onnellisuusinstituutti.fi\/index.php?rest_route=%2Fwp%2Fv2%2Fcomments&post=43"}],"version-history":[{"count":7,"href":"https:\/\/onnellisuusinstituutti.fi\/index.php?rest_route=\/wp\/v2\/pages\/43\/revisions"}],"predecessor-version":[{"id":461,"href":"https:\/\/onnellisuusinstituutti.fi\/index.php?rest_route=\/wp\/v2\/pages\/43\/revisions\/461"}],"wp:attachment":[{"href":"https:\/\/onnellisuusinstituutti.fi\/index.php?rest_route=%2Fwp%2Fv2%2Fmedia&parent=43"}],"curies":[{"name":"wp","href":"https:\/\/api.w.org\/{rel}","templated":true}]}}